{"id":3587,"date":"2015-02-08T00:00:50","date_gmt":"2015-02-07T23:00:50","guid":{"rendered":"http:\/\/annaburzynska.pl\/others\/strefa-ZOO\/?page_id=3587"},"modified":"2015-11-28T12:57:20","modified_gmt":"2015-11-28T11:57:20","slug":"wyklady","status":"publish","type":"page","link":"http:\/\/annaburzynska.pl\/others\/strefa-ZOO\/wyklady\/","title":{"rendered":"Wyk\u0142ady"},"content":{"rendered":"<p>Zarejestrowane wyk\u0142ady kt\u00f3re mia\u0142em okazj\u0119 prowadzi\u0107:<\/p>\n<p>Mini biznes plan sklepu zoologicznego &#8211; targi zoologiczne \u0141\u00f3d\u017a PET FAIR 2015<\/p>\n<p><iframe loading=\"lazy\" width=\"400\" height=\"200\" src=\"https:\/\/www.youtube.com\/embed\/HhIEFIf87WA\" frameborder=\"0\" allowfullscreen><\/iframe><\/p>\n<p>Sklep zoologiczny w galerii handlowej  &#8211; targi zoologiczne \u0141\u00f3d\u017a PET FAIR 2015<\/p>\n<p><iframe loading=\"lazy\" width=\"400\" height=\"200\" src=\"https:\/\/www.youtube.com\/embed\/oJ5LrYoc4L4\" frameborder=\"0\" allowfullscreen><\/iframe><\/p>\n<p>Kradzie\u017ce w sklepie zoologicznym &#8211; targi zoologiczne \u0141\u00f3d\u017a PET FAIR 2015<\/p>\n<p><iframe loading=\"lazy\" width=\"400\" height=\"200\" src=\"https:\/\/www.youtube.com\/embed\/5kreNspE_lI\" frameborder=\"0\" allowfullscreen><\/iframe><\/p>\n<p><strong>E-rzeczywisto\u015b\u0107 w zoologii<\/strong> &#8211; targi zoologiczne \u0141\u00f3d\u017a PETFAIR 2014<\/p>\n<p>&nbsp;<\/p>\n<p><iframe loading=\"lazy\" src=\"\/\/www.youtube.com\/embed\/cNwsXLAmNPM\" width=\"400\" height=\"200\" frameborder=\"0\" allowfullscreen=\"allowfullscreen\"><\/iframe><\/p>\n<p><iframe loading=\"lazy\" src=\"\/\/www.youtube.com\/embed\/NKqjsMI_HDI\" width=\"400\" height=\"200\" frameborder=\"0\" allowfullscreen=\"allowfullscreen\"><\/iframe><\/p>\n<p>Jak za\u0142o\u017cy\u0107 sklep zoologiczny? &#8211; targi zoologiczne Wroc\u0142aw ZOO Botanica 2014<\/p>\n<p><iframe loading=\"lazy\" src=\"\/\/www.youtube.com\/embed\/QEWr51-t9QE\" width=\"400\" height=\"200\" frameborder=\"0\" allowfullscreen=\"allowfullscreen\"><\/iframe><\/p>\n<p><iframe loading=\"lazy\" src=\"https:\/\/www.youtube.com\/embed\/BPYD18ERXro\" width=\"400\" height=\"200\" frameborder=\"0\" allowfullscreen=\"allowfullscreen\"><\/iframe><\/p>\n<p>Powstanie i rozw\u00f3j sklep zoologicznego &#8211; Alternatywna Szko\u0142a Biznesu i Rozwoju Osobistego (ASBIRO) Warszawa 2012<\/p>\n<p><iframe loading=\"lazy\" src=\"\/\/www.youtube.com\/embed\/Xj2cC8JLT7Y\" width=\"400\" height=\"200\" frameborder=\"0\" allowfullscreen=\"allowfullscreen\"><\/iframe><\/p>\n","protected":false},"excerpt":{"rendered":"<p>Zarejestrowane wyk\u0142ady kt\u00f3re mia\u0142em okazj\u0119 prowadzi\u0107: Mini biznes plan sklepu zoologicznego &#8211; targi zoologiczne \u0141\u00f3d\u017a PET FAIR 2015 Sklep zoologiczny w galerii handlowej &#8211; targi zoologiczne \u0141\u00f3d\u017a PET FAIR 2015 Kradzie\u017ce w sklepie zoologicznym &#8211;&#8230;<\/p>\n","protected":false},"author":2,"featured_media":0,"parent":0,"menu_order":3,"comment_status":"closed","ping_status":"closed","template":"","meta":[],"_links":{"self":[{"href":"http:\/\/annaburzynska.pl\/others\/strefa-ZOO\/wp-json\/wp\/v2\/pages\/3587"}],"collection":[{"href":"http:\/\/annaburzynska.pl\/others\/strefa-ZOO\/wp-json\/wp\/v2\/pages"}],"about":[{"href":"http:\/\/annaburzynska.pl\/others\/strefa-ZOO\/wp-json\/wp\/v2\/types\/page"}],"author":[{"embeddable":true,"href":"http:\/\/annaburzynska.pl\/others\/strefa-ZOO\/wp-json\/wp\/v2\/users\/2"}],"replies":[{"embeddable":true,"href":"http:\/\/annaburzynska.pl\/others\/strefa-ZOO\/wp-json\/wp\/v2\/comments?post=3587"}],"version-history":[{"count":10,"href":"http:\/\/annaburzynska.pl\/others\/strefa-ZOO\/wp-json\/wp\/v2\/pages\/3587\/revisions"}],"predecessor-version":[{"id":4469,"href":"http:\/\/annaburzynska.pl\/others\/strefa-ZOO\/wp-json\/wp\/v2\/pages\/3587\/revisions\/4469"}],"wp:attachment":[{"href":"http:\/\/annaburzynska.pl\/others\/strefa-ZOO\/wp-json\/wp\/v2\/media?parent=3587"}],"curies":[{"name":"wp","href":"https:\/\/api.w.org\/{rel}","templated":true}]}}