{"id":3596,"date":"2015-02-13T00:17:44","date_gmt":"2015-02-12T23:17:44","guid":{"rendered":"http:\/\/annaburzynska.pl\/others\/strefa-ZOO\/?page_id=3596"},"modified":"2017-10-04T16:17:47","modified_gmt":"2017-10-04T14:17:47","slug":"wspolpraca","status":"publish","type":"page","link":"http:\/\/annaburzynska.pl\/others\/strefa-ZOO\/wspolpraca\/","title":{"rendered":"Wsp\u00f3\u0142praca"},"content":{"rendered":"<p><img loading=\"lazy\" class=\"alignleft wp-image-2590\" title=\"krzsk_portret-2932\" src=\"http:\/\/annaburzynska.pl\/others\/strefa-ZOO\/wp-content\/uploads\/krzsk_portret-2932-300x168.jpg\" alt=\"\" width=\"175\" height=\"97\" srcset=\"http:\/\/annaburzynska.pl\/others\/strefa-ZOO\/wp-content\/uploads\/krzsk_portret-2932-300x168.jpg 300w, http:\/\/annaburzynska.pl\/others\/strefa-ZOO\/wp-content\/uploads\/krzsk_portret-2932-148x83.jpg 148w, http:\/\/annaburzynska.pl\/others\/strefa-ZOO\/wp-content\/uploads\/krzsk_portret-2932-31x17.jpg 31w, http:\/\/annaburzynska.pl\/others\/strefa-ZOO\/wp-content\/uploads\/krzsk_portret-2932-38x21.jpg 38w, http:\/\/annaburzynska.pl\/others\/strefa-ZOO\/wp-content\/uploads\/krzsk_portret-2932-382x215.jpg 382w, http:\/\/annaburzynska.pl\/others\/strefa-ZOO\/wp-content\/uploads\/krzsk_portret-2932-100x56.jpg 100w, http:\/\/annaburzynska.pl\/others\/strefa-ZOO\/wp-content\/uploads\/krzsk_portret-2932.jpg 800w\" sizes=\"(max-width: 175px) 100vw, 175px\" \/>Strefa ZOO.info jako strona internetowa oraz dzia\u0142ania &#8222;w terenie&#8221; z przysz\u0142ymi i obecnymi w\u0142a\u015bcicielami sklep\u00f3w zoologicznych zaprasza do wsp\u00f3\u0142pracy zainteresowanych w poni\u017cszych tematach.<\/p>\n<p>&nbsp;<\/p>\n<p>&nbsp;<\/p>\n<blockquote><p><a href=\"http:\/\/annaburzynska.pl\/others\/strefa-ZOO\/wp-content\/uploads\/r\u0119ce.jpg\"><img loading=\"lazy\" title=\"r\u0119ce\" src=\"http:\/\/annaburzynska.pl\/others\/strefa-ZOO\/wp-content\/uploads\/r\u0119ce.jpg\" alt=\"\" width=\"49\" height=\"30\" \/><\/a>Doradztwo w zakresie know-how za\u0142o\u017cenia sklepu zoologicznego<\/p>\n<p>Doradztwo w zakresie prowadzenia sklepu zoologicznego<\/p>\n<p><a href=\"http:\/\/annaburzynska.pl\/others\/strefa-ZOO\/wp-content\/uploads\/r\u0119ce.jpg\"><img loading=\"lazy\" title=\"r\u0119ce\" src=\"http:\/\/annaburzynska.pl\/others\/strefa-ZOO\/wp-content\/uploads\/r\u0119ce.jpg\" alt=\"\" width=\"49\" height=\"30\" \/><\/a> Rekrutacja i szkolenia pracownik\u00f3w oraz w\u0142a\u015bcicieli sklep\u00f3w zoologicznych<\/p>\n<p>Wsp\u00f3\u0142praca przy publikacjach wydawniczych z zakresu biznesu zoologicznego<\/p>\n<p><a href=\"http:\/\/annaburzynska.pl\/others\/strefa-ZOO\/wp-content\/uploads\/r\u0119ce.jpg\"><img loading=\"lazy\" title=\"r\u0119ce\" src=\"http:\/\/annaburzynska.pl\/others\/strefa-ZOO\/wp-content\/uploads\/r\u0119ce.jpg\" alt=\"\" width=\"49\" height=\"30\" \/><\/a> Filmy, reporta\u017ce i reklamy z zakresu bran\u017cy zoologicznej<\/p>\n<p>Wyk\u0142ady i szkolenia otwarte oraz zamkni\u0119te<\/p>\n<p>&nbsp;<\/p>\n<p>Zapraszam do pyta\u0144 i kontaktu <strong>biuro@strefazoo.info<\/strong><\/p>\n<p><a href=\"http:\/\/annaburzynska.pl\/others\/strefa-ZOO\/wp-content\/uploads\/CCF20120731_00000.jpg\"><img loading=\"lazy\" class=\"alignleft wp-image-587\" title=\"autograf krzysztof Burzy\u0144ski_strefazoo\" src=\"http:\/\/annaburzynska.pl\/others\/strefa-ZOO\/wp-content\/uploads\/CCF20120731_00000-300x198.jpg\" alt=\"\" width=\"125\" height=\"82\" srcset=\"http:\/\/annaburzynska.pl\/others\/strefa-ZOO\/wp-content\/uploads\/CCF20120731_00000-300x198.jpg 300w, http:\/\/annaburzynska.pl\/others\/strefa-ZOO\/wp-content\/uploads\/CCF20120731_00000-148x98.jpg 148w, http:\/\/annaburzynska.pl\/others\/strefa-ZOO\/wp-content\/uploads\/CCF20120731_00000-31x20.jpg 31w, http:\/\/annaburzynska.pl\/others\/strefa-ZOO\/wp-content\/uploads\/CCF20120731_00000-38x25.jpg 38w, http:\/\/annaburzynska.pl\/others\/strefa-ZOO\/wp-content\/uploads\/CCF20120731_00000-100x66.jpg 100w, http:\/\/annaburzynska.pl\/others\/strefa-ZOO\/wp-content\/uploads\/CCF20120731_00000.jpg 320w\" sizes=\"(max-width: 125px) 100vw, 125px\" \/><\/a><\/p>\n<p>&nbsp;<\/p>\n<p>&nbsp;<\/p>\n<p>&nbsp;<\/p><\/blockquote>\n<h2 style=\"text-align: center;\"><strong>wsp\u00f3\u0142praca:<\/strong><\/h2>\n<div id='gallery-1' class='gallery galleryid-3596 gallery-columns-5 gallery-size-medium'><dl class='gallery-item'>\n\t\t\t<dt class='gallery-icon landscape'>\n\t\t\t\t<img width=\"140\" height=\"100\" src=\"http:\/\/annaburzynska.pl\/others\/strefa-ZOO\/wp-content\/uploads\/zoolandia.png\" class=\"attachment-medium size-medium\" alt=\"\" loading=\"lazy\" \/>\n\t\t\t<\/dt><\/dl><dl class='gallery-item'>\n\t\t\t<dt class='gallery-icon landscape'>\n\t\t\t\t<img width=\"140\" height=\"100\" src=\"http:\/\/annaburzynska.pl\/others\/strefa-ZOO\/wp-content\/uploads\/tofik.png\" class=\"attachment-medium size-medium\" alt=\"\" loading=\"lazy\" \/>\n\t\t\t<\/dt><\/dl><dl class='gallery-item'>\n\t\t\t<dt class='gallery-icon landscape'>\n\t\t\t\t<img width=\"140\" height=\"100\" src=\"http:\/\/annaburzynska.pl\/others\/strefa-ZOO\/wp-content\/uploads\/logo-wsp\u00f3\u0142praca-koah.png\" class=\"attachment-medium size-medium\" alt=\"\" loading=\"lazy\" \/>\n\t\t\t<\/dt><\/dl><dl class='gallery-item'>\n\t\t\t<dt class='gallery-icon landscape'>\n\t\t\t\t<img width=\"140\" height=\"100\" src=\"http:\/\/annaburzynska.pl\/others\/strefa-ZOO\/wp-content\/uploads\/30.png\" class=\"attachment-medium size-medium\" alt=\"\" loading=\"lazy\" \/>\n\t\t\t<\/dt><\/dl><dl class='gallery-item'>\n\t\t\t<dt class='gallery-icon landscape'>\n\t\t\t\t<img width=\"140\" height=\"100\" src=\"http:\/\/annaburzynska.pl\/others\/strefa-ZOO\/wp-content\/uploads\/28.png\" class=\"attachment-medium size-medium\" alt=\"\" loading=\"lazy\" \/>\n\t\t\t<\/dt><\/dl><br style=\"clear: both\" \/><dl class='gallery-item'>\n\t\t\t<dt class='gallery-icon landscape'>\n\t\t\t\t<img width=\"140\" height=\"100\" src=\"http:\/\/annaburzynska.pl\/others\/strefa-ZOO\/wp-content\/uploads\/29.png\" class=\"attachment-medium size-medium\" alt=\"\" loading=\"lazy\" \/>\n\t\t\t<\/dt><\/dl><dl class='gallery-item'>\n\t\t\t<dt class='gallery-icon landscape'>\n\t\t\t\t<img width=\"140\" height=\"100\" src=\"http:\/\/annaburzynska.pl\/others\/strefa-ZOO\/wp-content\/uploads\/27.png\" class=\"attachment-medium size-medium\" alt=\"\" loading=\"lazy\" \/>\n\t\t\t<\/dt><\/dl><dl class='gallery-item'>\n\t\t\t<dt class='gallery-icon landscape'>\n\t\t\t\t<img width=\"140\" height=\"100\" src=\"http:\/\/annaburzynska.pl\/others\/strefa-ZOO\/wp-content\/uploads\/26.png\" class=\"attachment-medium size-medium\" alt=\"\" loading=\"lazy\" \/>\n\t\t\t<\/dt><\/dl><dl class='gallery-item'>\n\t\t\t<dt class='gallery-icon landscape'>\n\t\t\t\t<img width=\"140\" height=\"100\" src=\"http:\/\/annaburzynska.pl\/others\/strefa-ZOO\/wp-content\/uploads\/24.png\" class=\"attachment-medium size-medium\" alt=\"\" loading=\"lazy\" \/>\n\t\t\t<\/dt><\/dl><dl class='gallery-item'>\n\t\t\t<dt class='gallery-icon landscape'>\n\t\t\t\t<img width=\"140\" height=\"100\" src=\"http:\/\/annaburzynska.pl\/others\/strefa-ZOO\/wp-content\/uploads\/25.png\" class=\"attachment-medium size-medium\" alt=\"\" loading=\"lazy\" \/>\n\t\t\t<\/dt><\/dl><br style=\"clear: both\" \/><dl class='gallery-item'>\n\t\t\t<dt class='gallery-icon landscape'>\n\t\t\t\t<img width=\"140\" height=\"100\" src=\"http:\/\/annaburzynska.pl\/others\/strefa-ZOO\/wp-content\/uploads\/23.png\" class=\"attachment-medium size-medium\" alt=\"\" loading=\"lazy\" \/>\n\t\t\t<\/dt><\/dl><dl class='gallery-item'>\n\t\t\t<dt class='gallery-icon landscape'>\n\t\t\t\t<img width=\"140\" height=\"100\" src=\"http:\/\/annaburzynska.pl\/others\/strefa-ZOO\/wp-content\/uploads\/21-1.png\" class=\"attachment-medium size-medium\" alt=\"\" loading=\"lazy\" \/>\n\t\t\t<\/dt><\/dl><dl class='gallery-item'>\n\t\t\t<dt class='gallery-icon landscape'>\n\t\t\t\t<img width=\"140\" height=\"100\" src=\"http:\/\/annaburzynska.pl\/others\/strefa-ZOO\/wp-content\/uploads\/22.png\" class=\"attachment-medium size-medium\" alt=\"\" loading=\"lazy\" \/>\n\t\t\t<\/dt><\/dl><dl class='gallery-item'>\n\t\t\t<dt class='gallery-icon landscape'>\n\t\t\t\t<img width=\"140\" height=\"100\" src=\"http:\/\/annaburzynska.pl\/others\/strefa-ZOO\/wp-content\/uploads\/20.png\" class=\"attachment-medium size-medium\" alt=\"\" loading=\"lazy\" \/>\n\t\t\t<\/dt><\/dl>\n\t\t\t<br style='clear: both' \/>\n\t\t<\/div>\n\n<p>&nbsp;<\/p>\n<p>&nbsp;<\/p>\n<p>&nbsp;<\/p>\n<p>&nbsp;<\/p>\n<p>&nbsp;<\/p>\n<p>&nbsp;<\/p>\n","protected":false},"excerpt":{"rendered":"<p>Strefa ZOO.info jako strona internetowa oraz dzia\u0142ania &#8222;w terenie&#8221; z przysz\u0142ymi i obecnymi w\u0142a\u015bcicielami sklep\u00f3w zoologicznych zaprasza do wsp\u00f3\u0142pracy zainteresowanych w poni\u017cszych tematach. &nbsp; &nbsp; Doradztwo w zakresie know-how za\u0142o\u017cenia sklepu zoologicznego Doradztwo w zakresie&#8230;<\/p>\n","protected":false},"author":2,"featured_media":0,"parent":0,"menu_order":4,"comment_status":"closed","ping_status":"closed","template":"","meta":[],"_links":{"self":[{"href":"http:\/\/annaburzynska.pl\/others\/strefa-ZOO\/wp-json\/wp\/v2\/pages\/3596"}],"collection":[{"href":"http:\/\/annaburzynska.pl\/others\/strefa-ZOO\/wp-json\/wp\/v2\/pages"}],"about":[{"href":"http:\/\/annaburzynska.pl\/others\/strefa-ZOO\/wp-json\/wp\/v2\/types\/page"}],"author":[{"embeddable":true,"href":"http:\/\/annaburzynska.pl\/others\/strefa-ZOO\/wp-json\/wp\/v2\/users\/2"}],"replies":[{"embeddable":true,"href":"http:\/\/annaburzynska.pl\/others\/strefa-ZOO\/wp-json\/wp\/v2\/comments?post=3596"}],"version-history":[{"count":120,"href":"http:\/\/annaburzynska.pl\/others\/strefa-ZOO\/wp-json\/wp\/v2\/pages\/3596\/revisions"}],"predecessor-version":[{"id":5260,"href":"http:\/\/annaburzynska.pl\/others\/strefa-ZOO\/wp-json\/wp\/v2\/pages\/3596\/revisions\/5260"}],"wp:attachment":[{"href":"http:\/\/annaburzynska.pl\/others\/strefa-ZOO\/wp-json\/wp\/v2\/media?parent=3596"}],"curies":[{"name":"wp","href":"https:\/\/api.w.org\/{rel}","templated":true}]}}