{"id":4360,"date":"2015-10-05T17:36:15","date_gmt":"2015-10-05T15:36:15","guid":{"rendered":"http:\/\/annaburzynska.pl\/others\/strefa-ZOO\/?page_id=4360"},"modified":"2017-10-04T16:14:17","modified_gmt":"2017-10-04T14:14:17","slug":"szkolenia-2","status":"publish","type":"page","link":"http:\/\/annaburzynska.pl\/others\/strefa-ZOO\/szkolenia-2\/","title":{"rendered":"Szkolenia"},"content":{"rendered":"<p><img loading=\"lazy\" class=\" wp-image-4398 aligncenter\" src=\"http:\/\/annaburzynska.pl\/others\/strefa-ZOO\/wp-content\/uploads\/Szkolenia-biznesowe-baner.jpg\" alt=\"Szkolenia biznesowe - baner\" width=\"431\" height=\"305\" srcset=\"http:\/\/annaburzynska.pl\/others\/strefa-ZOO\/wp-content\/uploads\/Szkolenia-biznesowe-baner.jpg 559w, http:\/\/annaburzynska.pl\/others\/strefa-ZOO\/wp-content\/uploads\/Szkolenia-biznesowe-baner-300x213.jpg 300w\" sizes=\"(max-width: 431px) 100vw, 431px\" \/><\/p>\n<p>Dla firm z bran\u017cy zoologicznej prowadz\u0119 szkolenia oraz doradztwo z zakresu:<\/p>\n<p>&nbsp;<\/p>\n<p><strong>\u00a0<img loading=\"lazy\" class=\"alignleft wp-image-4372\" src=\"http:\/\/annaburzynska.pl\/others\/strefa-ZOO\/wp-content\/uploads\/1.png\" alt=\"1\" width=\"89\" height=\"89\" srcset=\"http:\/\/annaburzynska.pl\/others\/strefa-ZOO\/wp-content\/uploads\/1.png 800w, http:\/\/annaburzynska.pl\/others\/strefa-ZOO\/wp-content\/uploads\/1-150x150.png 150w, http:\/\/annaburzynska.pl\/others\/strefa-ZOO\/wp-content\/uploads\/1-300x300.png 300w, http:\/\/annaburzynska.pl\/others\/strefa-ZOO\/wp-content\/uploads\/1-81x81.png 81w\" sizes=\"(max-width: 89px) 100vw, 89px\" \/>Zarz\u0105dzanie pracownikami przez typy osobowo\u015bci<\/strong><\/p>\n<p style=\"text-align: left;\" align=\"CENTER\">Okre\u015blamy Ciebie i Twoich pracownik\u00f3w wg test\u00f3w osobowo\u015bciowych<\/p>\n<p style=\"text-align: left;\" align=\"CENTER\">Opracowujemy najlepsze miejsce i czynno\u015bci do pracy danych pracownik\u00f3w<\/p>\n<p style=\"text-align: left;\" align=\"CENTER\">Ustalamy czy powi\u0105zania i relacje pomi\u0119dzy pracownikami s\u0105 w\u0142a\u015bciwe<\/p>\n<p style=\"text-align: left;\" align=\"CENTER\">ustalamy ewentualny profil na nowego\/nowych pracownik\u00f3w &#8211;<a href=\"http:\/\/annaburzynska.pl\/others\/strefa-ZOO\/studium-przypadku-pracownikow-w-sklepie-zoologicznym\/\" target=\"_blank\" rel=\"noopener\"> przeczytaj\/ogl\u0105dnij<\/a> artyku\u0142 z tej dziedziny<\/p>\n<p style=\"text-align: left;\" align=\"CENTER\">Do 5 pracownik\u00f3w.<\/p>\n<blockquote>\n<p style=\"text-align: center;\" align=\"CENTER\">Dzie\u0144 szkolenia (6h)<\/p>\n<p style=\"text-align: center;\" align=\"CENTER\">2000 z\u0142<\/p>\n<p style=\"text-align: center;\"><a href=\"https:\/\/secure.tpay.com\/?h=47dc55d3702321d6b26bf70b7b49e8e3d6490c2b\" target=\"_blank\" rel=\"noopener\"><b>KUP TERAZ<\/b><\/a><\/p>\n<p style=\"text-align: center;\" align=\"CENTER\">+<\/p>\n<p style=\"text-align: center;\" align=\"CENTER\">koszty podro\u017cy\/noclegu (ustalane indywidualnie &#8211; <a href=\"http:\/\/annaburzynska.pl\/others\/strefa-ZOO\/kontakt\/\" target=\"_blank\" rel=\"noopener\">kontakt<\/a> )<\/p>\n<\/blockquote>\n<p>&nbsp;<\/p>\n<p><strong>\u00a0<img loading=\"lazy\" class=\"alignleft wp-image-4373\" src=\"http:\/\/annaburzynska.pl\/others\/strefa-ZOO\/wp-content\/uploads\/2.png\" alt=\"2\" width=\"96\" height=\"96\" srcset=\"http:\/\/annaburzynska.pl\/others\/strefa-ZOO\/wp-content\/uploads\/2.png 800w, http:\/\/annaburzynska.pl\/others\/strefa-ZOO\/wp-content\/uploads\/2-150x150.png 150w, http:\/\/annaburzynska.pl\/others\/strefa-ZOO\/wp-content\/uploads\/2-300x300.png 300w, http:\/\/annaburzynska.pl\/others\/strefa-ZOO\/wp-content\/uploads\/2-81x81.png 81w\" sizes=\"(max-width: 96px) 100vw, 96px\" \/>Skuteczna sprzeda\u017c &#8211; (dla pracownik\u00f3w sklepu zoologicznego)<\/strong><\/p>\n<p>Zwi\u0119kszenie efektywno\u015bci sprzeda\u017cy poprzez nauk\u0119 technik sprzeda\u017cy i \u00a0w\u0142a\u015bciwego powi\u0105zania towar\u00f3w ze sob\u0105.<\/p>\n<p>Nabycie umiej\u0119tno\u015bci m\u00f3wienia do klienta j\u0119zykiem korzy\u015bci a nie w\u0142a\u015bciwo\u015bciami produktu.<\/p>\n<p>P<a href=\"http:\/\/annaburzynska.pl\/others\/strefa-ZOO\/jak-sprzedawac-karmy-dla-psa\/\" target=\"_blank\" rel=\"noopener\">rzeczytaj\/ogl\u0105dnij<\/a> artyku\u0142 z tej dziedziny. Mo\u017cliwo\u015b\u0107 szkolenia w czasie otwartego sklepu.<\/p>\n<blockquote>\n<p style=\"text-align: center;\" align=\"CENTER\">Dzie\u0144 szkolenia (6h)<\/p>\n<p style=\"text-align: center;\" align=\"CENTER\">2500 z\u0142<\/p>\n<p style=\"text-align: center;\"><a href=\"https:\/\/secure.tpay.com\/?h=b869149ed0e94c415740b69fcd98e4a111f69c7b\" target=\"_blank\" rel=\"noopener\"><b>KUP TERAZ<\/b><\/a><\/p>\n<p style=\"text-align: center;\" align=\"CENTER\">+<\/p>\n<p style=\"text-align: center;\" align=\"CENTER\">koszty podro\u017cy\/noclegu (ustalane indywidualnie &#8211; <a href=\"http:\/\/annaburzynska.pl\/others\/strefa-ZOO\/kontakt\/\" target=\"_blank\" rel=\"noopener\">kontakt<\/a> )<\/p>\n<\/blockquote>\n<p><strong><br \/>\n<\/strong><\/p>\n<p>&nbsp;<\/p>\n<p><strong><img loading=\"lazy\" class=\"alignleft wp-image-4379\" src=\"http:\/\/annaburzynska.pl\/others\/strefa-ZOO\/wp-content\/uploads\/8.png\" alt=\"8\" width=\"120\" height=\"120\" srcset=\"http:\/\/annaburzynska.pl\/others\/strefa-ZOO\/wp-content\/uploads\/8.png 800w, http:\/\/annaburzynska.pl\/others\/strefa-ZOO\/wp-content\/uploads\/8-150x150.png 150w, http:\/\/annaburzynska.pl\/others\/strefa-ZOO\/wp-content\/uploads\/8-300x300.png 300w, http:\/\/annaburzynska.pl\/others\/strefa-ZOO\/wp-content\/uploads\/8-81x81.png 81w\" sizes=\"(max-width: 120px) 100vw, 120px\" \/>\u00a0Jak za\u0142o\u017cy\u0107 sklep zoologiczny<\/strong><\/p>\n<p>Know &#8211; how za\u0142o\u017cenia sklepu zoologicznego.\u00a0<a href=\"http:\/\/annaburzynska.pl\/others\/strefa-ZOO\/zalozyc-sklep-to-bulka-z-maslem\/\" target=\"_blank\" rel=\"noopener\">Przeczytaj\/ogl\u0105dnij artyku\u0142 z tej dziedziny<\/a><\/p>\n<p>Ca\u0142a oferta dost\u0119pna <a href=\"http:\/\/annaburzynska.pl\/others\/strefa-ZOO\/zakladam-sklep\/oferta\/\" target=\"_blank\" rel=\"noopener\">tutaj<\/a><\/p>\n<p>&nbsp;<\/p>\n<p>&nbsp;<\/p>\n<p>&#8212;&#8212;&#8212;&#8212;&#8212;&#8212;&#8212;&#8212;&#8212;&#8212;&#8212;&#8212;&#8212;&#8212;&#8212;&#8212;&#8212;&#8212;<\/p>\n<p style=\"text-align: left;\"><a title=\"Kontakt\" href=\"http:\/\/annaburzynska.pl\/others\/strefa-ZOO\/kontakt\/\" target=\"_blank\" rel=\"noopener\"><span style=\"font-family: Impact, Charcoal, sans-serif; font-size: 14pt;\">KONTAKT <\/span><\/a><\/p>\n<p>Ka\u017cdy przypadek to \u00a0indywidualne podej\u015bcie &#8211;<a title=\"Kontakt\" href=\"http:\/\/annaburzynska.pl\/others\/strefa-ZOO\/kontakt\/\" target=\"_blank\" rel=\"noopener\"> skontaktuj si\u0119 by pozna\u0107 szczeg\u00f3\u0142y wsp\u00f3\u0142pracy\u00a0<\/a><br \/>\n<span style=\"font-family: 'Arial Black', Gadget, sans-serif; font-size: 14pt;\"><strong>Opinie\u00a0klient\u00f3w na temat szkole\u0144:<\/strong><\/span><\/p>\n<p><iframe loading=\"lazy\" src=\"https:\/\/www.youtube.com\/embed\/U0hPuDuI-PM\" width=\"560\" height=\"315\" frameborder=\"0\" allowfullscreen=\"allowfullscreen\"><\/iframe><\/p>\n<p><iframe loading=\"lazy\" src=\"https:\/\/www.youtube.com\/embed\/tDrelndNk4M\" width=\"560\" height=\"315\" frameborder=\"0\" allowfullscreen=\"allowfullscreen\"><\/iframe><\/p>\n","protected":false},"excerpt":{"rendered":"<p>Dla firm z bran\u017cy zoologicznej prowadz\u0119 szkolenia oraz doradztwo z zakresu: &nbsp; \u00a0Zarz\u0105dzanie pracownikami przez typy osobowo\u015bci Okre\u015blamy Ciebie i Twoich pracownik\u00f3w wg test\u00f3w osobowo\u015bciowych Opracowujemy najlepsze miejsce i czynno\u015bci do pracy danych pracownik\u00f3w Ustalamy&#8230;<\/p>\n","protected":false},"author":2,"featured_media":0,"parent":0,"menu_order":1,"comment_status":"closed","ping_status":"closed","template":"","meta":[],"_links":{"self":[{"href":"http:\/\/annaburzynska.pl\/others\/strefa-ZOO\/wp-json\/wp\/v2\/pages\/4360"}],"collection":[{"href":"http:\/\/annaburzynska.pl\/others\/strefa-ZOO\/wp-json\/wp\/v2\/pages"}],"about":[{"href":"http:\/\/annaburzynska.pl\/others\/strefa-ZOO\/wp-json\/wp\/v2\/types\/page"}],"author":[{"embeddable":true,"href":"http:\/\/annaburzynska.pl\/others\/strefa-ZOO\/wp-json\/wp\/v2\/users\/2"}],"replies":[{"embeddable":true,"href":"http:\/\/annaburzynska.pl\/others\/strefa-ZOO\/wp-json\/wp\/v2\/comments?post=4360"}],"version-history":[{"count":60,"href":"http:\/\/annaburzynska.pl\/others\/strefa-ZOO\/wp-json\/wp\/v2\/pages\/4360\/revisions"}],"predecessor-version":[{"id":5188,"href":"http:\/\/annaburzynska.pl\/others\/strefa-ZOO\/wp-json\/wp\/v2\/pages\/4360\/revisions\/5188"}],"wp:attachment":[{"href":"http:\/\/annaburzynska.pl\/others\/strefa-ZOO\/wp-json\/wp\/v2\/media?parent=4360"}],"curies":[{"name":"wp","href":"https:\/\/api.w.org\/{rel}","templated":true}]}}