{"id":89,"date":"2012-06-20T00:01:13","date_gmt":"2012-06-19T22:01:13","guid":{"rendered":"http:\/\/annaburzynska.pl\/others\/strefa-ZOO\/?page_id=89"},"modified":"2020-03-06T14:00:28","modified_gmt":"2020-03-06T13:00:28","slug":"zaloz-sklep-zoo","status":"publish","type":"page","link":"http:\/\/annaburzynska.pl\/others\/strefa-ZOO\/zaloz-sklep-zoo\/","title":{"rendered":"Dla sklep\u00f3w"},"content":{"rendered":"<p><img loading=\"lazy\" class=\"alignleft size-medium wp-image-2681\" title=\"SKlep-zoologiczny-bez -tajemnic\" src=\"http:\/\/annaburzynska.pl\/others\/strefa-ZOO\/wp-content\/uploads\/ZZ_Slowianska_2542-300x199.jpg\" alt=\"\" width=\"300\" height=\"199\" srcset=\"http:\/\/annaburzynska.pl\/others\/strefa-ZOO\/wp-content\/uploads\/ZZ_Slowianska_2542-300x199.jpg 300w, http:\/\/annaburzynska.pl\/others\/strefa-ZOO\/wp-content\/uploads\/ZZ_Slowianska_2542-1024x681.jpg 1024w, http:\/\/annaburzynska.pl\/others\/strefa-ZOO\/wp-content\/uploads\/ZZ_Slowianska_2542-148x98.jpg 148w, http:\/\/annaburzynska.pl\/others\/strefa-ZOO\/wp-content\/uploads\/ZZ_Slowianska_2542-31x20.jpg 31w, http:\/\/annaburzynska.pl\/others\/strefa-ZOO\/wp-content\/uploads\/ZZ_Slowianska_2542-38x25.jpg 38w, http:\/\/annaburzynska.pl\/others\/strefa-ZOO\/wp-content\/uploads\/ZZ_Slowianska_2542-323x215.jpg 323w, http:\/\/annaburzynska.pl\/others\/strefa-ZOO\/wp-content\/uploads\/ZZ_Slowianska_2542-100x66.jpg 100w\" sizes=\"(max-width: 300px) 100vw, 300px\" \/>Prowadzenie sklepu zoologicznego to nie lada wyzwanie. Tym bardziej \u017ce bardzo rzadko jest kto\u015b z bran\u017cy, kto te\u017c prowadzi sklep z kim\u015b mo\u017cna si\u0119 podzieli\u0107\u00a0 problemami i szuka\u0107 wsp\u00f3lnie rozwi\u0105za\u0144.<\/p>\n<p>Zamiast wsp\u00f3lnie si\u0119 wspiera\u0107 tworzymy enklawy i twierdze ze swoich sklep\u00f3w. Oczywi\u015bcie nie jestem naiwny &#8211; rozumiem \u017ce tak wygl\u0105da \u017cycie&#8230;ale&#8230;zaczynaj\u0105c swoj\u0105 przygod\u0119 w tym biznesie mia\u0142em okazj\u0119 uczy\u0107 si\u0119 od cz\u0142owieka kt\u00f3ry post\u0119powa\u0142 dok\u0142adnie odwrotnie ni\u017c wszyscy inni.<\/p>\n<p>Zamiast krytykowa\u0107 &#8211; pokazywa\u0142 co mo\u017cna robi\u0107 lepiej, zamiast obgadywa\u0107\u00a0 &#8211; m\u00f3wi\u0142 dobrze o konkurencji (albo przynajmniej nic nie m\u00f3wi\u0142), zamiast trzyma\u0107 sie z daleko &#8211; przychodzi\u0142 z wyci\u0105gni\u0119ta r\u0119k\u0105&#8230; i to wszystko w\u0142a\u015bnie w bran\u017cy sklep\u00f3w zoologicznych.<\/p>\n<p>Wiec nie robi\u0105c sobie z\u0142udnych nadziei &#8211; WIEM \u017ce s\u0105 tacy kt\u00f3rym b\u0119d\u0119 m\u00f3g\u0142 POM\u00d3C. Kt\u00f3rzy t\u0119 pom\u00f3c przyjm\u0105 i zaufaj\u0105 mi.<\/p>\n<p>Zapraszam na stron\u0119: <a href=\"http:\/\/www.strefazoo.info\" target=\"_blank\" rel=\"noopener noreferrer\"><span style=\"color: #ff0000;\"><strong>StrefaZOO.info<\/strong><\/span><\/a><\/p>\n<p style=\"text-align: center;\">\n<p style=\"text-align: center;\">\n<p style=\"text-align: center;\">\n<p style=\"text-align: center;\">\n<p style=\"text-align: center;\">\n","protected":false},"excerpt":{"rendered":"<p>Prowadzenie sklepu zoologicznego to nie lada wyzwanie. Tym bardziej \u017ce bardzo rzadko jest kto\u015b z bran\u017cy, kto te\u017c prowadzi sklep z kim\u015b mo\u017cna si\u0119 podzieli\u0107\u00a0 problemami i szuka\u0107 wsp\u00f3lnie rozwi\u0105za\u0144. Zamiast wsp\u00f3lnie si\u0119 wspiera\u0107 tworzymy&#8230;<\/p>\n","protected":false},"author":2,"featured_media":0,"parent":0,"menu_order":3,"comment_status":"closed","ping_status":"closed","template":"page-full.php","meta":[],"_links":{"self":[{"href":"http:\/\/annaburzynska.pl\/others\/strefa-ZOO\/wp-json\/wp\/v2\/pages\/89"}],"collection":[{"href":"http:\/\/annaburzynska.pl\/others\/strefa-ZOO\/wp-json\/wp\/v2\/pages"}],"about":[{"href":"http:\/\/annaburzynska.pl\/others\/strefa-ZOO\/wp-json\/wp\/v2\/types\/page"}],"author":[{"embeddable":true,"href":"http:\/\/annaburzynska.pl\/others\/strefa-ZOO\/wp-json\/wp\/v2\/users\/2"}],"replies":[{"embeddable":true,"href":"http:\/\/annaburzynska.pl\/others\/strefa-ZOO\/wp-json\/wp\/v2\/comments?post=89"}],"version-history":[{"count":201,"href":"http:\/\/annaburzynska.pl\/others\/strefa-ZOO\/wp-json\/wp\/v2\/pages\/89\/revisions"}],"predecessor-version":[{"id":5317,"href":"http:\/\/annaburzynska.pl\/others\/strefa-ZOO\/wp-json\/wp\/v2\/pages\/89\/revisions\/5317"}],"wp:attachment":[{"href":"http:\/\/annaburzynska.pl\/others\/strefa-ZOO\/wp-json\/wp\/v2\/media?parent=89"}],"curies":[{"name":"wp","href":"https:\/\/api.w.org\/{rel}","templated":true}]}}